{"id":7,"date":"2024-08-17T08:55:51","date_gmt":"2024-08-17T06:55:51","guid":{"rendered":"https:\/\/woocommerce.awtyklo.com\/?page_id=7"},"modified":"2024-08-31T08:21:00","modified_gmt":"2024-08-31T06:21:00","slug":"cart","status":"publish","type":"page","link":"https:\/\/woocommerce.awtyklo.com\/?page_id=7","title":{"rendered":"Koszyk"},"content":{"rendered":"<div data-block-name=\"woocommerce\/cart\" class=\"wp-block-woocommerce-cart alignwide is-loading\"><div data-block-name=\"woocommerce\/filled-cart-block\" class=\"wp-block-woocommerce-filled-cart-block\"><div data-block-name=\"woocommerce\/cart-items-block\" class=\"wp-block-woocommerce-cart-items-block\"><div data-block-name=\"woocommerce\/cart-line-items-block\" class=\"wp-block-woocommerce-cart-line-items-block\"><\/div>\n\n<div data-block-name=\"woocommerce\/cart-cross-sells-block\" class=\"wp-block-woocommerce-cart-cross-sells-block\"><h2 class=\"wp-block-heading has-large-font-size\">Powi\u0105zane produkty<\/h2>\n\n<div data-block-name=\"woocommerce\/cart-cross-sells-products-block\" class=\"wp-block-woocommerce-cart-cross-sells-products-block\"><\/div><\/div><\/div>\n\n<div data-block-name=\"woocommerce\/cart-totals-block\" class=\"wp-block-woocommerce-cart-totals-block\"><div data-block-name=\"woocommerce\/cart-order-summary-block\" class=\"wp-block-woocommerce-cart-order-summary-block\"><div data-block-name=\"woocommerce\/cart-order-summary-heading-block\" data-content=\"Podsumowanie koszyka\" class=\"wp-block-woocommerce-cart-order-summary-heading-block\"><\/div>\n\n<div data-block-name=\"woocommerce\/cart-order-summary-coupon-form-block\" class=\"wp-block-woocommerce-cart-order-summary-coupon-form-block\"><\/div>\n\n<div data-block-name=\"woocommerce\/cart-order-summary-totals-block\" class=\"wp-block-woocommerce-cart-order-summary-totals-block\"><div data-block-name=\"woocommerce\/cart-order-summary-subtotal-block\" class=\"wp-block-woocommerce-cart-order-summary-subtotal-block\"><\/div>\n\n<div data-block-name=\"woocommerce\/cart-order-summary-fee-block\" class=\"wp-block-woocommerce-cart-order-summary-fee-block\"><\/div>\n\n<div data-block-name=\"woocommerce\/cart-order-summary-discount-block\" class=\"wp-block-woocommerce-cart-order-summary-discount-block\"><\/div>\n\n<div data-block-name=\"woocommerce\/cart-order-summary-shipping-block\" class=\"wp-block-woocommerce-cart-order-summary-shipping-block\"><\/div>\n\n<div data-block-name=\"woocommerce\/cart-order-summary-taxes-block\" class=\"wp-block-woocommerce-cart-order-summary-taxes-block\"><\/div><\/div><\/div>\n\n<div data-block-name=\"woocommerce\/cart-express-payment-block\" class=\"wp-block-woocommerce-cart-express-payment-block\"><\/div>\n\n<div data-block-name=\"woocommerce\/proceed-to-checkout-block\" class=\"wp-block-woocommerce-proceed-to-checkout-block\"><\/div>\n\n<div data-block-name=\"woocommerce\/cart-accepted-payment-methods-block\" class=\"wp-block-woocommerce-cart-accepted-payment-methods-block\"><\/div><\/div><\/div>\n\n<div data-block-name=\"woocommerce\/empty-cart-block\" class=\"wp-block-woocommerce-empty-cart-block\"><h2 class=\"wp-block-heading has-text-align-center with-empty-cart-icon wc-block-cart__empty-cart__title\">Your cart is currently empty!<\/h2>\n\n<hr class=\"wp-block-separator has-alpha-channel-opacity is-style-dots\"\/>\n\n<h2 class=\"wp-block-heading has-text-align-center\">New in store<\/h2>\n\n<div data-block-name=\"woocommerce\/product-new\" data-columns=\"4\" data-rows=\"1\" class=\"wc-block-grid wp-block-product-new wc-block-product-new has-4-columns\"><ul class=\"wc-block-grid__products\"><li class=\"wc-block-grid__product\">\n\t\t\t\t<a href=\"https:\/\/woocommerce.awtyklo.com\/?product=maty-jogowe-zenflex-komfort-i-stabilnosc-na-kazdym-kroku\" class=\"wc-block-grid__product-link\">\n\t\t\t\t\t<div class=\"wc-block-grid__product-onsale\">\n\t\t\t<span aria-hidden=\"true\">Promocja<\/span>\n\t\t\t<span class=\"screen-reader-text\">Produkt w promocji<\/span>\n\t\t<\/div>\n\t\t\t\t\t<div class=\"wc-block-grid__product-image\"><img loading=\"lazy\" decoding=\"async\" width=\"300\" height=\"300\" src=\"https:\/\/woocommerce.awtyklo.com\/wp-content\/uploads\/2024\/08\/Stock_Photography_Yoga_Mats_Comfort_and_Stability_with_Every_0-300x300.jpg\" class=\"attachment-woocommerce_thumbnail size-woocommerce_thumbnail\" alt=\"Maty Jogowe ZenFlex \u2013 Komfort i Stabilno\u015b\u0107 na Ka\u017cdym Kroku\" srcset=\"https:\/\/woocommerce.awtyklo.com\/wp-content\/uploads\/2024\/08\/Stock_Photography_Yoga_Mats_Comfort_and_Stability_with_Every_0-300x300.jpg 300w, https:\/\/woocommerce.awtyklo.com\/wp-content\/uploads\/2024\/08\/Stock_Photography_Yoga_Mats_Comfort_and_Stability_with_Every_0-150x150.jpg 150w, https:\/\/woocommerce.awtyklo.com\/wp-content\/uploads\/2024\/08\/Stock_Photography_Yoga_Mats_Comfort_and_Stability_with_Every_0-768x768.jpg 768w, https:\/\/woocommerce.awtyklo.com\/wp-content\/uploads\/2024\/08\/Stock_Photography_Yoga_Mats_Comfort_and_Stability_with_Every_0-600x600.jpg 600w, https:\/\/woocommerce.awtyklo.com\/wp-content\/uploads\/2024\/08\/Stock_Photography_Yoga_Mats_Comfort_and_Stability_with_Every_0-100x100.jpg 100w, https:\/\/woocommerce.awtyklo.com\/wp-content\/uploads\/2024\/08\/Stock_Photography_Yoga_Mats_Comfort_and_Stability_with_Every_0.jpg 1024w\" sizes=\"(max-width: 300px) 100vw, 300px\" \/><\/div>\n\t\t\t\t\t<div class=\"wc-block-grid__product-title\">Maty Jogowe ZenFlex \u2013 Komfort i Stabilno\u015b\u0107 na Ka\u017cdym Kroku<\/div>\n\t\t\t\t<\/a>\n\t\t\t\t<div class=\"wc-block-grid__product-price price\"><span class=\"sale-price\"><del aria-hidden=\"true\"><span class=\"woocommerce-Price-amount amount\">129,00&nbsp;<span class=\"woocommerce-Price-currencySymbol\">&#122;&#322;<\/span><\/span><\/del> <span class=\"screen-reader-text\">Original price was: 129,00&nbsp;&#122;&#322;.<\/span><ins aria-hidden=\"true\"><span class=\"woocommerce-Price-amount amount\">106,00&nbsp;<span class=\"woocommerce-Price-currencySymbol\">&#122;&#322;<\/span><\/span><\/ins><span class=\"screen-reader-text\">Current price is: 106,00&nbsp;&#122;&#322;.<\/span><\/span><\/div>\n\t\t\t\t\n\t\t\t\t<div class=\"wp-block-button wc-block-grid__product-add-to-cart\"><a href=\"?add-to-cart=34\" aria-label=\"Dodaj do koszyka: &bdquo;Maty Jogowe ZenFlex \u2013 Komfort i Stabilno\u015b\u0107 na Ka\u017cdym Kroku&rdquo;\" data-quantity=\"1\" data-product_id=\"34\" data-product_sku=\"\" data-price=\"106\" rel=\"nofollow\" class=\"wp-block-button__link  add_to_cart_button ajax_add_to_cart\">Dodaj do koszyka<\/a><\/div>\n\t\t\t<\/li><li class=\"wc-block-grid__product\">\n\t\t\t\t<a href=\"https:\/\/woocommerce.awtyklo.com\/?product=swieczka-buddyjska-spokoj-umyslu-z-aromatem-lawendy\" class=\"wc-block-grid__product-link\">\n\t\t\t\t\t\n\t\t\t\t\t<div class=\"wc-block-grid__product-image\"><img loading=\"lazy\" decoding=\"async\" width=\"300\" height=\"300\" src=\"https:\/\/woocommerce.awtyklo.com\/wp-content\/uploads\/2024\/08\/Stock_Photography_Buddhist_Candle_Mindful_Serenity_with_Lavend_0-300x300.jpg\" class=\"attachment-woocommerce_thumbnail size-woocommerce_thumbnail\" alt=\"\u015awieczka Buddyjska \u201eSpok\u00f3j Umys\u0142u\u201d z Aromatem Lawendy\" srcset=\"https:\/\/woocommerce.awtyklo.com\/wp-content\/uploads\/2024\/08\/Stock_Photography_Buddhist_Candle_Mindful_Serenity_with_Lavend_0-300x300.jpg 300w, https:\/\/woocommerce.awtyklo.com\/wp-content\/uploads\/2024\/08\/Stock_Photography_Buddhist_Candle_Mindful_Serenity_with_Lavend_0-150x150.jpg 150w, https:\/\/woocommerce.awtyklo.com\/wp-content\/uploads\/2024\/08\/Stock_Photography_Buddhist_Candle_Mindful_Serenity_with_Lavend_0-768x768.jpg 768w, https:\/\/woocommerce.awtyklo.com\/wp-content\/uploads\/2024\/08\/Stock_Photography_Buddhist_Candle_Mindful_Serenity_with_Lavend_0-600x600.jpg 600w, https:\/\/woocommerce.awtyklo.com\/wp-content\/uploads\/2024\/08\/Stock_Photography_Buddhist_Candle_Mindful_Serenity_with_Lavend_0-100x100.jpg 100w, https:\/\/woocommerce.awtyklo.com\/wp-content\/uploads\/2024\/08\/Stock_Photography_Buddhist_Candle_Mindful_Serenity_with_Lavend_0.jpg 1024w\" sizes=\"(max-width: 300px) 100vw, 300px\" \/><\/div>\n\t\t\t\t\t<div class=\"wc-block-grid__product-title\">\u015awieczka Buddyjska \u201eSpok\u00f3j Umys\u0142u\u201d z Aromatem Lawendy<\/div>\n\t\t\t\t<\/a>\n\t\t\t\t<div class=\"wc-block-grid__product-price price\"><span class=\"woocommerce-Price-amount amount\">35,00&nbsp;<span class=\"woocommerce-Price-currencySymbol\">&#122;&#322;<\/span><\/span><\/div>\n\t\t\t\t\n\t\t\t\t<div class=\"wp-block-button wc-block-grid__product-add-to-cart\"><a href=\"?add-to-cart=28\" aria-label=\"Dodaj do koszyka: &bdquo;\u015awieczka Buddyjska \u201eSpok\u00f3j Umys\u0142u\u201d z Aromatem Lawendy&rdquo;\" data-quantity=\"1\" data-product_id=\"28\" data-product_sku=\"\" data-price=\"35\" rel=\"nofollow\" class=\"wp-block-button__link  add_to_cart_button ajax_add_to_cart\">Dodaj do koszyka<\/a><\/div>\n\t\t\t<\/li><li class=\"wc-block-grid__product\">\n\t\t\t\t<a href=\"https:\/\/woocommerce.awtyklo.com\/?product=swieca-sojowa-zlote-wspomnienia-blask-jesieni\" class=\"wc-block-grid__product-link\">\n\t\t\t\t\t<div class=\"wc-block-grid__product-onsale\">\n\t\t\t<span aria-hidden=\"true\">Promocja<\/span>\n\t\t\t<span class=\"screen-reader-text\">Produkt w promocji<\/span>\n\t\t<\/div>\n\t\t\t\t\t<div class=\"wc-block-grid__product-image\"><img loading=\"lazy\" decoding=\"async\" width=\"300\" height=\"300\" src=\"https:\/\/woocommerce.awtyklo.com\/wp-content\/uploads\/2024\/08\/Stock_Photography_Soy_Candle_Golden_Memories_Autumn_Glow_3-300x300.jpg\" class=\"attachment-woocommerce_thumbnail size-woocommerce_thumbnail\" alt=\"\u015awieca Sojowa &quot;Z\u0142ote Wspomnienia&quot; - Blask Jesieni\" srcset=\"https:\/\/woocommerce.awtyklo.com\/wp-content\/uploads\/2024\/08\/Stock_Photography_Soy_Candle_Golden_Memories_Autumn_Glow_3-300x300.jpg 300w, https:\/\/woocommerce.awtyklo.com\/wp-content\/uploads\/2024\/08\/Stock_Photography_Soy_Candle_Golden_Memories_Autumn_Glow_3-150x150.jpg 150w, https:\/\/woocommerce.awtyklo.com\/wp-content\/uploads\/2024\/08\/Stock_Photography_Soy_Candle_Golden_Memories_Autumn_Glow_3-768x768.jpg 768w, https:\/\/woocommerce.awtyklo.com\/wp-content\/uploads\/2024\/08\/Stock_Photography_Soy_Candle_Golden_Memories_Autumn_Glow_3-600x600.jpg 600w, https:\/\/woocommerce.awtyklo.com\/wp-content\/uploads\/2024\/08\/Stock_Photography_Soy_Candle_Golden_Memories_Autumn_Glow_3-100x100.jpg 100w, https:\/\/woocommerce.awtyklo.com\/wp-content\/uploads\/2024\/08\/Stock_Photography_Soy_Candle_Golden_Memories_Autumn_Glow_3.jpg 1024w\" sizes=\"(max-width: 300px) 100vw, 300px\" \/><\/div>\n\t\t\t\t\t<div class=\"wc-block-grid__product-title\">\u015awieca Sojowa &#8222;Z\u0142ote Wspomnienia&#8221; &#8211; Blask Jesieni<\/div>\n\t\t\t\t<\/a>\n\t\t\t\t<div class=\"wc-block-grid__product-price price\"><span class=\"sale-price\"><del aria-hidden=\"true\"><span class=\"woocommerce-Price-amount amount\">74,00&nbsp;<span class=\"woocommerce-Price-currencySymbol\">&#122;&#322;<\/span><\/span><\/del> <span class=\"screen-reader-text\">Original price was: 74,00&nbsp;&#122;&#322;.<\/span><ins aria-hidden=\"true\"><span class=\"woocommerce-Price-amount amount\">69,99&nbsp;<span class=\"woocommerce-Price-currencySymbol\">&#122;&#322;<\/span><\/span><\/ins><span class=\"screen-reader-text\">Current price is: 69,99&nbsp;&#122;&#322;.<\/span><\/span><\/div>\n\t\t\t\t\n\t\t\t\t<div class=\"wp-block-button wc-block-grid__product-add-to-cart\"><a href=\"?add-to-cart=23\" aria-label=\"Dodaj do koszyka: &bdquo;\u015awieca Sojowa &quot;Z\u0142ote Wspomnienia&quot; - Blask Jesieni&rdquo;\" data-quantity=\"1\" data-product_id=\"23\" data-product_sku=\"\" data-price=\"69.99\" rel=\"nofollow\" class=\"wp-block-button__link  add_to_cart_button ajax_add_to_cart\">Dodaj do koszyka<\/a><\/div>\n\t\t\t<\/li><li class=\"wc-block-grid__product\">\n\t\t\t\t<a href=\"https:\/\/woocommerce.awtyklo.com\/?product=swieca-sojowa-lesna-harmonia-naturalny-spokoj\" class=\"wc-block-grid__product-link\">\n\t\t\t\t\t\n\t\t\t\t\t<div class=\"wc-block-grid__product-image\"><img loading=\"lazy\" decoding=\"async\" width=\"300\" height=\"300\" src=\"https:\/\/woocommerce.awtyklo.com\/wp-content\/uploads\/2024\/08\/Stock_Photography_Soy_Candle_Forest_Harmony_Natural_Peace_2-300x300.jpg\" class=\"attachment-woocommerce_thumbnail size-woocommerce_thumbnail\" alt=\"\u015awieca Sojowa &quot;Le\u015bna Harmonia&quot; - Naturalny Spok\u00f3j\" srcset=\"https:\/\/woocommerce.awtyklo.com\/wp-content\/uploads\/2024\/08\/Stock_Photography_Soy_Candle_Forest_Harmony_Natural_Peace_2-300x300.jpg 300w, https:\/\/woocommerce.awtyklo.com\/wp-content\/uploads\/2024\/08\/Stock_Photography_Soy_Candle_Forest_Harmony_Natural_Peace_2-150x150.jpg 150w, https:\/\/woocommerce.awtyklo.com\/wp-content\/uploads\/2024\/08\/Stock_Photography_Soy_Candle_Forest_Harmony_Natural_Peace_2-768x768.jpg 768w, https:\/\/woocommerce.awtyklo.com\/wp-content\/uploads\/2024\/08\/Stock_Photography_Soy_Candle_Forest_Harmony_Natural_Peace_2-600x600.jpg 600w, https:\/\/woocommerce.awtyklo.com\/wp-content\/uploads\/2024\/08\/Stock_Photography_Soy_Candle_Forest_Harmony_Natural_Peace_2-100x100.jpg 100w, https:\/\/woocommerce.awtyklo.com\/wp-content\/uploads\/2024\/08\/Stock_Photography_Soy_Candle_Forest_Harmony_Natural_Peace_2.jpg 1024w\" sizes=\"(max-width: 300px) 100vw, 300px\" \/><\/div>\n\t\t\t\t\t<div class=\"wc-block-grid__product-title\">\u015awieca Sojowa &#8222;Le\u015bna Harmonia&#8221; &#8211; Naturalny Spok\u00f3j<\/div>\n\t\t\t\t<\/a>\n\t\t\t\t<div class=\"wc-block-grid__product-price price\"><span class=\"woocommerce-Price-amount amount\">49,99&nbsp;<span class=\"woocommerce-Price-currencySymbol\">&#122;&#322;<\/span><\/span><\/div>\n\t\t\t\t\n\t\t\t\t<div class=\"wp-block-button wc-block-grid__product-add-to-cart\"><a href=\"?add-to-cart=16\" aria-label=\"Dodaj do koszyka: &bdquo;\u015awieca Sojowa &quot;Le\u015bna Harmonia&quot; - Naturalny Spok\u00f3j&rdquo;\" data-quantity=\"1\" data-product_id=\"16\" data-product_sku=\"\" data-price=\"49.99\" rel=\"nofollow\" class=\"wp-block-button__link  add_to_cart_button ajax_add_to_cart\">Dodaj do koszyka<\/a><\/div>\n\t\t\t<\/li><\/ul><\/div><\/div><\/div>","protected":false},"excerpt":{"rendered":"","protected":false},"author":3,"featured_media":0,"parent":0,"menu_order":0,"comment_status":"closed","ping_status":"closed","template":"","meta":{"footnotes":""},"class_list":["post-7","page","type-page","status-publish","hentry"],"blocksy_meta":[],"_links":{"self":[{"href":"https:\/\/woocommerce.awtyklo.com\/index.php?rest_route=\/wp\/v2\/pages\/7"}],"collection":[{"href":"https:\/\/woocommerce.awtyklo.com\/index.php?rest_route=\/wp\/v2\/pages"}],"about":[{"href":"https:\/\/woocommerce.awtyklo.com\/index.php?rest_route=\/wp\/v2\/types\/page"}],"author":[{"embeddable":true,"href":"https:\/\/woocommerce.awtyklo.com\/index.php?rest_route=\/wp\/v2\/users\/3"}],"replies":[{"embeddable":true,"href":"https:\/\/woocommerce.awtyklo.com\/index.php?rest_route=%2Fwp%2Fv2%2Fcomments&post=7"}],"version-history":[{"count":2,"href":"https:\/\/woocommerce.awtyklo.com\/index.php?rest_route=\/wp\/v2\/pages\/7\/revisions"}],"predecessor-version":[{"id":83,"href":"https:\/\/woocommerce.awtyklo.com\/index.php?rest_route=\/wp\/v2\/pages\/7\/revisions\/83"}],"wp:attachment":[{"href":"https:\/\/woocommerce.awtyklo.com\/index.php?rest_route=%2Fwp%2Fv2%2Fmedia&parent=7"}],"curies":[{"name":"wp","href":"https:\/\/api.w.org\/{rel}","templated":true}]}}